{"id":294,"date":"2024-01-17T18:56:49","date_gmt":"2024-01-17T18:56:49","guid":{"rendered":"https:\/\/palindroma.net\/?page_id=294"},"modified":"2024-01-18T18:03:27","modified_gmt":"2024-01-18T18:03:27","slug":"con-un-unico-obiettivo-assisi","status":"publish","type":"page","link":"https:\/\/palindroma.org\/en\/con-un-unico-obiettivo-assisi\/","title":{"rendered":"Mostra ad Assisi"},"content":{"rendered":"<h3>CON UN UNICO OBIETTIVO<\/h3>\n<p>Durante la settimana dedicata a San Francesco, la citt\u00e0 di Assisi \u00e8 stata testimone di un evento straordinario e innovativo: la mostra <strong>&#8220;Con un unico Obiettivo&#8221;<\/strong>, realizzata dall&#8217;<strong>ODV Un Tesoro di Cane<\/strong> in collaborazione con il fotografo Fabio di Marcantonio e organizzata nella nostra citt\u00e0 da noi dell&#8217;Associazione Palindroma. <strong><em>Questa iniziativa ha segnato un momento storico, essendo la prima mostra ed evento dedicata agli animali nella citt\u00e0 di Assisi in questo periodo cos\u00ec significativo.<\/em><\/strong><\/p>\n<p>La mostra ha rappresentato non solo un&#8217;occasione di celebrazione e riflessione, ma anche un punto di partenza per un cambiamento culturale profondo. <strong>Noi di Palindroma crediamo fermamente che sia essenziale promuovere una cultura della convivenza e del rispetto verso gli animali. \u00c8 nostro desiderio che, a partire da Assisi, citt\u00e0 di San Francesco, si diffonda un messaggio di amore e cura verso tutte le creature.<\/strong><\/p>\n<p>La risposta della citt\u00e0 \u00e8 stata straordinaria. La mostra ha attratto un numero impressionante di visitatori, sia italiani che stranieri, dimostrando un interesse e un coinvolgimento profondo verso la causa degli animali. Questo successo \u00e8 la prova tangibile che il messaggio di rispetto e convivenza pu\u00f2 e deve diffondersi sempre pi\u00f9 ampiamente.<\/p>\n<p><iframe loading=\"lazy\" title=\"&quot;Con un unico obiettivo&quot; - mostra fotografica ad Assisi con Un Tesoro di Cane\" width=\"500\" height=\"281\" src=\"https:\/\/www.youtube.com\/embed\/v6OdGTjDW2U?feature=oembed\" frameborder=\"0\" allow=\"accelerometer; autoplay; clipboard-write; encrypted-media; gyroscope; picture-in-picture; web-share\" referrerpolicy=\"strict-origin-when-cross-origin\" allowfullscreen><\/iframe><\/p>\n<p>Un aspetto fondamentale di questo evento \u00e8 stata la collaborazione tra Palindroma e Un Tesoro di Cane. Grazie alla vendita di gadget durante la mostra, \u00e8 stata possibile una vera raccolta fondi, che ha avuto un impatto concreto e significativo: <strong>l&#8217;adozione di due splendide canette, che ora godono di una nuova vita in stallo casalingo. Questo risultato \u00e8 un esempio concreto di come la sinergia tra organizzazioni che condividono valori e obiettivi possa portare a cambiamenti reali e positivi.<\/strong><\/p>\n<p>La mostra &#8220;Con un unico Obiettivo&#8221; \u00e8 stata un successo ed una forte emozione costante, come evidenziato anche sul sito di Un Tesoro di Cane. La condivisione dei valori, la divulgazione e l&#8217;energia non si sono fermati all&#8217;esibizione, ma hanno innescato una fase di collaborazione e progettualit\u00e0 che continua oltre l&#8217;evento stesso.<\/p>\n<p>In conclusione, la mostra &#8220;Con un unico Obiettivo&#8221; ad Assisi \u00e8 stata un punto di svolta, un momento di condivisione e crescita. Ha dimostrato che, insieme, possiamo fare la differenza, promuovendo una cultura di rispetto e amore verso gli animali. \u00c8 con questo spirito che Palindroma e Un Tesoro di Cane guardano al futuro, pronti a continuare il loro impegno e a realizzare nuovi progetti per un mondo pi\u00f9 giusto e compassionevole.<\/p>\n<p><strong>LINK UTILI<\/strong><br \/>\n<a href=\"https:\/\/www.untesorodicane.org\/progetti\/con-un-unico-obiettivo\/\">https:\/\/www.untesorodicane.org\/progetti\/con-un-unico-obiettivo\/<\/a><br \/>\n<a href=\"https:\/\/www.assisieventi.it\/evento\/con-un-unico-obiettivo-al-via-gli-eventi-dedicati-ai-cani\/\">https:\/\/www.assisieventi.it\/evento\/con-un-unico-obiettivo-al-via-gli-eventi-dedicati-ai-cani\/<\/a><\/p>","protected":false},"excerpt":{"rendered":"<p>CON UN UNICO OBIETTIVO Durante la settimana dedicata a San Francesco, la citt\u00e0 di Assisi \u00e8 stata testimone di un evento straordinario e innovativo: la mostra &#8220;Con un unico Obiettivo&#8221;, realizzata dall&#8217;ODV Un Tesoro di Cane in collaborazione con il fotografo Fabio di Marcantonio e organizzata nella nostra citt\u00e0 da noi dell&#8217;Associazione Palindroma. Questa iniziativa [&hellip;]<\/p>","protected":false},"author":1,"featured_media":302,"parent":0,"menu_order":0,"comment_status":"closed","ping_status":"closed","template":"","meta":{"footnotes":""},"class_list":["post-294","page","type-page","status-publish","has-post-thumbnail","hentry"],"aioseo_notices":[],"_links":{"self":[{"href":"https:\/\/palindroma.org\/en\/wp-json\/wp\/v2\/pages\/294","targetHints":{"allow":["GET"]}}],"collection":[{"href":"https:\/\/palindroma.org\/en\/wp-json\/wp\/v2\/pages"}],"about":[{"href":"https:\/\/palindroma.org\/en\/wp-json\/wp\/v2\/types\/page"}],"author":[{"embeddable":true,"href":"https:\/\/palindroma.org\/en\/wp-json\/wp\/v2\/users\/1"}],"replies":[{"embeddable":true,"href":"https:\/\/palindroma.org\/en\/wp-json\/wp\/v2\/comments?post=294"}],"version-history":[{"count":0,"href":"https:\/\/palindroma.org\/en\/wp-json\/wp\/v2\/pages\/294\/revisions"}],"wp:featuredmedia":[{"embeddable":true,"href":"https:\/\/palindroma.org\/en\/wp-json\/wp\/v2\/media\/302"}],"wp:attachment":[{"href":"https:\/\/palindroma.org\/en\/wp-json\/wp\/v2\/media?parent=294"}],"curies":[{"name":"wp","href":"https:\/\/api.w.org\/{rel}","templated":true}]}}