{"id":24,"date":"2023-02-16T18:44:42","date_gmt":"2023-02-16T18:44:42","guid":{"rendered":"https:\/\/lorella.kayedtechnology.com\/index.php\/where-and-how\/"},"modified":"2024-01-19T09:29:55","modified_gmt":"2024-01-19T09:29:55","slug":"collaborazioni-e-convenzioni","status":"publish","type":"page","link":"https:\/\/palindroma.org\/en\/collaborazioni-e-convenzioni\/","title":{"rendered":"Supporters e collaborazioni"},"content":{"rendered":"<div><img loading=\"lazy\" decoding=\"async\" class=\"alignnone wp-image-203\" style=\"float: left; padding: 9px;\" src=\"https:\/\/palindroma.org\/wp-content\/uploads\/2023\/09\/pawintau-collaboration-300x149.png\" alt=\"Palindroma and Paw in Tau Foundation\" width=\"300\" height=\"149\" \/><strong>Palindroma ha il sostegno di Paw in Tau Foundation di Seattle<\/strong><\/div>\n<p>Un piccolo gruppo di attivisti dedicati che ritrovano, lavorando con gli animali e la natura, un arricchimento dell&#8217;esperienza umana, rivelando uno dei grandi volti del Divino.<br \/>\nL&#8217;attenzione \u00e8 principalmente rivolta all&#8217;istruzione, ai tirocini, al networking e all&#8217;esperienza pratica, ma senza trascurare la necessit\u00e0 della lotta al randagismo. Sono si Seattle.<\/p>\n<div><\/div>\n<p><strong>La Collaborazione<\/strong><\/p>\n<p>In un mondo sempre pi\u00f9 frammentato e individualista, le associazioni senza scopo di lucro rappresentano uno dei rari angoli in cui la comunit\u00e0 pu\u00f2 ritrovare se stessa, rafforzare i legami e lottare per obiettivi condivisi. E nel cuore di Assisi, luogo emblematico che ha visto nascere la figura di San Francesco, Palindroma Umanit\u00e0 e altri animali emerge con entusiasmo in un ambito culturale purtroppo ancora poco vissuto.<\/p>\n<p>Per costruire un percorso duraturo e influente che cambi e migliori costantemente la cultura della convivenza tra uomini e animali, \u00e8 essenziale che ogni individuo, attivit\u00e0 e organizzazione faccia la sua parte. La collaborazione e la partnership non sono solo un mezzo, ma il cuore stesso di questa missione. Ogni passo fatto insieme moltiplica l&#8217;efficacia e la portata dell&#8217;azione.<\/p>\n<p>Assisi, con il suo retaggio spirituale, offre un contesto unico. Collaborare con &#8220;Palindroma Umanit\u00e0 e altri animali&#8221; non significa solo contribuire a una causa nobile, ma anche <strong>integrarsi in un tessuto storico e culturale che ha il potenziale di influenzare il mondo intero<\/strong>. \u00c8 un invito non solo a dare, ma a ricevere, a diventare parte di una storia pi\u00f9 grande.<\/p>\n<p>Ecco perch\u00e9 facciamo appello a tutti: individui, imprenditori, organizzazioni e chiunque creda in una coesistenza armoniosa tra uomini e animali. La vostra collaborazione e partnership sono essenziali. Con il vostro sostegno e la vostra azione, possiamo amplificare la nostra voce, estendere il nostro raggio d&#8217;azione e costruire un futuro in cui l&#8217;umanit\u00e0 e gli animali coesistano in pace e rispetto.<\/p>\n<p>Come San Francesco ci ha insegnato, la vera prosperit\u00e0 si trova nell&#8217;armonia con tutte le creature. Uniamoci a &#8220;Palindroma Umanit\u00e0 e altri animali&#8221; in questo viaggio. Il vostro contributo pu\u00f2 fare la differenza. Assieme, possiamo creare un mondo in cui la visione francescana diventa realt\u00e0 per tutti.<\/p>","protected":false},"excerpt":{"rendered":"<p>Palindroma ha il sostegno di Paw in Tau Foundation di Seattle Un piccolo gruppo di attivisti dedicati che ritrovano, lavorando con gli animali e la natura, un arricchimento dell&#8217;esperienza umana, rivelando uno dei grandi volti del Divino. L&#8217;attenzione \u00e8 principalmente rivolta all&#8217;istruzione, ai tirocini, al networking e all&#8217;esperienza pratica, ma senza trascurare la necessit\u00e0 della [&hellip;]<\/p>","protected":false},"author":1,"featured_media":265,"parent":0,"menu_order":18,"comment_status":"closed","ping_status":"closed","template":"","meta":{"footnotes":""},"class_list":["post-24","page","type-page","status-publish","has-post-thumbnail","hentry"],"aioseo_notices":[],"_links":{"self":[{"href":"https:\/\/palindroma.org\/en\/wp-json\/wp\/v2\/pages\/24","targetHints":{"allow":["GET"]}}],"collection":[{"href":"https:\/\/palindroma.org\/en\/wp-json\/wp\/v2\/pages"}],"about":[{"href":"https:\/\/palindroma.org\/en\/wp-json\/wp\/v2\/types\/page"}],"author":[{"embeddable":true,"href":"https:\/\/palindroma.org\/en\/wp-json\/wp\/v2\/users\/1"}],"replies":[{"embeddable":true,"href":"https:\/\/palindroma.org\/en\/wp-json\/wp\/v2\/comments?post=24"}],"version-history":[{"count":0,"href":"https:\/\/palindroma.org\/en\/wp-json\/wp\/v2\/pages\/24\/revisions"}],"wp:featuredmedia":[{"embeddable":true,"href":"https:\/\/palindroma.org\/en\/wp-json\/wp\/v2\/media\/265"}],"wp:attachment":[{"href":"https:\/\/palindroma.org\/en\/wp-json\/wp\/v2\/media?parent=24"}],"curies":[{"name":"wp","href":"https:\/\/api.w.org\/{rel}","templated":true}]}}