{"id":1180,"date":"2025-09-23T15:21:18","date_gmt":"2025-09-23T15:21:18","guid":{"rendered":"https:\/\/palindroma.org\/?page_id=1180"},"modified":"2025-09-23T15:47:30","modified_gmt":"2025-09-23T15:47:30","slug":"festival-delle-creature","status":"publish","type":"page","link":"https:\/\/palindroma.org\/en\/festival-delle-creature\/","title":{"rendered":"Festival delle Creature &#8211; Assisi"},"content":{"rendered":"<div class=\"fe-block fe-block-yui_3_17_2_1_1755207736301_2774\">\n<div id=\"block-yui_3_17_2_1_1755207736301_2774\" class=\"sqs-block html-block sqs-block-html\" data-blend-mode=\"NORMAL\" data-block-type=\"2\" data-border-radii=\"{&quot;topLeft&quot;:{&quot;unit&quot;:&quot;px&quot;,&quot;value&quot;:0.0},&quot;topRight&quot;:{&quot;unit&quot;:&quot;px&quot;,&quot;value&quot;:0.0},&quot;bottomLeft&quot;:{&quot;unit&quot;:&quot;px&quot;,&quot;value&quot;:0.0},&quot;bottomRight&quot;:{&quot;unit&quot;:&quot;px&quot;,&quot;value&quot;:0.0}}\" data-sqsp-block=\"text\">\n<div class=\"sqs-block-content\">\n<div class=\"sqs-html-content\" data-sqsp-text-block-content=\"\"><span class=\"sqsrte-text-color--darkAccent\"><strong>8-9 ottobre \/ 2025 &#8211; Assisi<\/strong><br \/>\n<\/span><span class=\"sqsrte-text-color--darkAccent\"><strong>Festival delle Creature &#8211; prima edizione<br \/>\n<\/strong><\/span><span style=\"font-size: 16px;\">Un laboratorio <\/span><span style=\"font-size: 16px;\"><span style=\"font-size: 16px;\">di pensiero e azione<br \/>\n<\/span><\/span><\/p>\n<p class=\"preFade fadeIn\">Voci scientifiche, istituzionali e culturali in dialogo per ripensare con rigore e responsabilit\u00e0 il nostro rapporto con gli altri animali.<\/p>\n<p><a href=\"https:\/\/www.festivaldellecreature.it\">www.festivaldellecreature.it<\/a><\/p>\n<h3 class=\"preScale scaleIn\">Perch\u00e9 un Festival delle Creature<\/h3>\n<p class=\"preFade fadeIn\">Il Festival delle Creature nasce ad Assisi nell\u2019ottavo centenario del Cantico delle Creature, raccogliendo l\u2019eredit\u00e0 che Francesco ci ha lasciato: un linguaggio di gratitudine e rispetto verso ogni forma di vita e un invito a riconoscerci parte di un tutto.<br \/>\nOttocento anni dopo, quei concetti e quei compiti sono ancora attuali e urgenti.<\/p>\n<p class=\"preFade fadeIn\">Nella stessa citt\u00e0, simbolo di pace e di dialogo, torniamo a quelle radici per metterle alla prova del presente: mettiamo nella stessa stanza saperi e professionalit\u00e0 che spesso non si parlano, scienza, istituzioni, cultura e attivismo, per creare confronto, scambio e visioni nuove per il benessere degli animali.<\/p>\n<p class=\"preFade fadeIn\">Il Festival vuole essere un contenitore che accoglie, sviluppa e armonizza prospettive differenti, con l\u2019obiettivo di generare evoluzioni positive: proteggere, comprendere e migliorare il rapporto tra esseri umani e altri animali.<\/p>\n<h3 class=\"preScale scaleIn\"><span class=\"sqsrte-text-color--lightAccent\">Cosa \u00e8 il Festival delle Creature<br \/>\n<\/span><\/h3>\n<p class=\"preFade fadeIn\"><span class=\"sqsrte-text-color--black\">Un forum <strong>libero e plurale<\/strong> su etica, biodiversit\u00e0, diritto, sanit\u00e0 pubblica, comunicazione, cultura alimentare, attivismo e sostenibilit\u00e0. <\/span><span class=\"sqsrte-text-color--black\">L\u2019incontro tra rigore scientifico e responsabilit\u00e0 civile.<\/span><\/p>\n<p><span class=\"sqsrte-text-color--black\">La creazione di <strong>nuove relazioni tra istituzioni, ricerca, impresa culturale e societ\u00e0 civile<\/strong>.<\/span><\/p>\n<p><span class=\"sqsrte-text-color--black\">Un contesto in cui possano emergere consapevolezze e chiarezze, illuminando le zone d\u2019ombra e rendendo pi\u00f9 accessibili scelte, responsabilit\u00e0 e prospettive <strong>sul rapporto tra umanit\u00e0 e animali<\/strong>.<\/span><\/p>\n<p><span class=\"sqsrte-text-color--black\">La valorizzazione del sentire di <strong>Francesco<\/strong>, nato ad Assisi con il Cantico delle Creature e tradotto oggi in responsabilit\u00e0 condivise verso animali e creato.<\/span><\/p>\n<h1 class=\"preScale scaleIn\"><span class=\"sqsrte-text-color--lightAccent\"> <img loading=\"lazy\" decoding=\"async\" class=\"alignnone size-medium wp-image-1189\" src=\"https:\/\/palindroma.org\/wp-content\/uploads\/2025\/09\/carosello_01-240x300.jpg\" alt=\"Festival delle Creature\" width=\"240\" height=\"300\" srcset=\"https:\/\/palindroma.org\/wp-content\/uploads\/2025\/09\/carosello_01-240x300.jpg 240w, https:\/\/palindroma.org\/wp-content\/uploads\/2025\/09\/carosello_01-819x1024.jpg 819w, https:\/\/palindroma.org\/wp-content\/uploads\/2025\/09\/carosello_01-768x960.jpg 768w, https:\/\/palindroma.org\/wp-content\/uploads\/2025\/09\/carosello_01-10x12.jpg 10w, https:\/\/palindroma.org\/wp-content\/uploads\/2025\/09\/carosello_01.jpg 1080w\" sizes=\"auto, (max-width: 240px) 100vw, 240px\" \/> <img loading=\"lazy\" decoding=\"async\" class=\"alignnone size-medium wp-image-1190\" src=\"https:\/\/palindroma.org\/wp-content\/uploads\/2025\/09\/carosello_02-240x300.jpg\" alt=\"Festival delle Creature\" width=\"240\" height=\"300\" srcset=\"https:\/\/palindroma.org\/wp-content\/uploads\/2025\/09\/carosello_02-240x300.jpg 240w, https:\/\/palindroma.org\/wp-content\/uploads\/2025\/09\/carosello_02-819x1024.jpg 819w, https:\/\/palindroma.org\/wp-content\/uploads\/2025\/09\/carosello_02-768x960.jpg 768w, https:\/\/palindroma.org\/wp-content\/uploads\/2025\/09\/carosello_02-10x12.jpg 10w, https:\/\/palindroma.org\/wp-content\/uploads\/2025\/09\/carosello_02.jpg 1080w\" sizes=\"auto, (max-width: 240px) 100vw, 240px\" \/> <img loading=\"lazy\" decoding=\"async\" class=\"alignnone size-medium wp-image-1191\" src=\"https:\/\/palindroma.org\/wp-content\/uploads\/2025\/09\/carosello_03-240x300.jpg\" alt=\"Festival delle Creature\" width=\"240\" height=\"300\" srcset=\"https:\/\/palindroma.org\/wp-content\/uploads\/2025\/09\/carosello_03-240x300.jpg 240w, https:\/\/palindroma.org\/wp-content\/uploads\/2025\/09\/carosello_03-819x1024.jpg 819w, https:\/\/palindroma.org\/wp-content\/uploads\/2025\/09\/carosello_03-768x960.jpg 768w, https:\/\/palindroma.org\/wp-content\/uploads\/2025\/09\/carosello_03-10x12.jpg 10w, https:\/\/palindroma.org\/wp-content\/uploads\/2025\/09\/carosello_03.jpg 1080w\" sizes=\"auto, (max-width: 240px) 100vw, 240px\" \/> <img loading=\"lazy\" decoding=\"async\" class=\"alignnone size-medium wp-image-1192\" src=\"https:\/\/palindroma.org\/wp-content\/uploads\/2025\/09\/carosello_04-240x300.jpg\" alt=\"Festival delle Creature\" width=\"240\" height=\"300\" srcset=\"https:\/\/palindroma.org\/wp-content\/uploads\/2025\/09\/carosello_04-240x300.jpg 240w, https:\/\/palindroma.org\/wp-content\/uploads\/2025\/09\/carosello_04-819x1024.jpg 819w, https:\/\/palindroma.org\/wp-content\/uploads\/2025\/09\/carosello_04-768x960.jpg 768w, https:\/\/palindroma.org\/wp-content\/uploads\/2025\/09\/carosello_04-10x12.jpg 10w, https:\/\/palindroma.org\/wp-content\/uploads\/2025\/09\/carosello_04.jpg 1080w\" sizes=\"auto, (max-width: 240px) 100vw, 240px\" \/> <img loading=\"lazy\" decoding=\"async\" class=\"alignnone size-medium wp-image-1193\" src=\"https:\/\/palindroma.org\/wp-content\/uploads\/2025\/09\/carosello_05-240x300.jpg\" alt=\"Festival delle Creature\" width=\"240\" height=\"300\" srcset=\"https:\/\/palindroma.org\/wp-content\/uploads\/2025\/09\/carosello_05-240x300.jpg 240w, https:\/\/palindroma.org\/wp-content\/uploads\/2025\/09\/carosello_05-819x1024.jpg 819w, https:\/\/palindroma.org\/wp-content\/uploads\/2025\/09\/carosello_05-768x960.jpg 768w, https:\/\/palindroma.org\/wp-content\/uploads\/2025\/09\/carosello_05-10x12.jpg 10w, https:\/\/palindroma.org\/wp-content\/uploads\/2025\/09\/carosello_05.jpg 1080w\" sizes=\"auto, (max-width: 240px) 100vw, 240px\" \/> <img loading=\"lazy\" decoding=\"async\" class=\"alignnone size-medium wp-image-1194\" src=\"https:\/\/palindroma.org\/wp-content\/uploads\/2025\/09\/carosello_06-240x300.jpg\" alt=\"Festival delle Creature\" width=\"240\" height=\"300\" srcset=\"https:\/\/palindroma.org\/wp-content\/uploads\/2025\/09\/carosello_06-240x300.jpg 240w, https:\/\/palindroma.org\/wp-content\/uploads\/2025\/09\/carosello_06-819x1024.jpg 819w, https:\/\/palindroma.org\/wp-content\/uploads\/2025\/09\/carosello_06-768x960.jpg 768w, https:\/\/palindroma.org\/wp-content\/uploads\/2025\/09\/carosello_06-10x12.jpg 10w, https:\/\/palindroma.org\/wp-content\/uploads\/2025\/09\/carosello_06.jpg 1080w\" sizes=\"auto, (max-width: 240px) 100vw, 240px\" \/><\/span><\/h1>\n<\/div>\n<\/div>\n<\/div>\n<\/div>","protected":false},"excerpt":{"rendered":"<p>8-9 ottobre \/ 2025 &#8211; Assisi Festival delle Creature &#8211; prima edizione Un laboratorio di pensiero e azione Voci scientifiche, istituzionali e culturali in dialogo per ripensare con rigore e responsabilit\u00e0 il nostro rapporto con gli altri animali. www.festivaldellecreature.it Perch\u00e9 un Festival delle Creature Il Festival delle Creature nasce ad Assisi nell\u2019ottavo centenario del Cantico [&hellip;]<\/p>","protected":false},"author":1,"featured_media":1188,"parent":0,"menu_order":0,"comment_status":"closed","ping_status":"closed","template":"","meta":{"footnotes":""},"class_list":["post-1180","page","type-page","status-publish","has-post-thumbnail","hentry"],"aioseo_notices":[],"_links":{"self":[{"href":"https:\/\/palindroma.org\/en\/wp-json\/wp\/v2\/pages\/1180","targetHints":{"allow":["GET"]}}],"collection":[{"href":"https:\/\/palindroma.org\/en\/wp-json\/wp\/v2\/pages"}],"about":[{"href":"https:\/\/palindroma.org\/en\/wp-json\/wp\/v2\/types\/page"}],"author":[{"embeddable":true,"href":"https:\/\/palindroma.org\/en\/wp-json\/wp\/v2\/users\/1"}],"replies":[{"embeddable":true,"href":"https:\/\/palindroma.org\/en\/wp-json\/wp\/v2\/comments?post=1180"}],"version-history":[{"count":0,"href":"https:\/\/palindroma.org\/en\/wp-json\/wp\/v2\/pages\/1180\/revisions"}],"wp:featuredmedia":[{"embeddable":true,"href":"https:\/\/palindroma.org\/en\/wp-json\/wp\/v2\/media\/1188"}],"wp:attachment":[{"href":"https:\/\/palindroma.org\/en\/wp-json\/wp\/v2\/media?parent=1180"}],"curies":[{"name":"wp","href":"https:\/\/api.w.org\/{rel}","templated":true}]}}